{"id":107,"date":"2025-07-29T08:51:35","date_gmt":"2025-07-29T06:51:35","guid":{"rendered":"https:\/\/zepassiv.com\/?page_id=107"},"modified":"2025-07-29T09:51:33","modified_gmt":"2025-07-29T07:51:33","slug":"aviso-legal","status":"publish","type":"page","link":"https:\/\/zepassiv.com\/en\/aviso-legal\/","title":{"rendered":"Legal notice"},"content":{"rendered":"<p><strong>www.zepassiv.com<\/strong><\/p>\n\n\n\n<h2 class=\"wp-block-heading\">GENERAL INFORMATION<\/h2>\n\n\n\n<p>In compliance with the duty to provide information set out in Law 34\/2002 on Information Society Services and Electronic Commerce (LSSI-CE) of 11 July, the following general information regarding this website is provided below:<\/p>\n\n\n\n<p>The owner of this website, www.zepassiv.com (hereinafter, the \u201cWebsite\u201d), is: ZE Passivhaus Services LTD, with company registration number: , and whose contact details are:<\/p>\n\n\n\n<p><strong>Address:<\/strong>\u00a0Suite 6, 3 Elm Grove, Didsbury, Manchester M20 6PL<\/p>\n\n\n\n<p><strong>Contact number:<\/strong>\u00a0+34 694 27 33 09<\/p>\n\n\n\n<p><strong>Email address:<\/strong>\u00a0hello@zepassiv.com<\/p>\n\n\n\n<h2 class=\"wp-block-heading\">II. GENERAL TERMS AND CONDITIONS OF USE<\/h2>\n\n\n\n<h3 class=\"wp-block-heading\">The subject of these terms and conditions: The Website<\/h3>\n\n\n\n<p>The purpose of these General Terms and Conditions of Use (hereinafter, the \u201cTerms\u201d) is to govern access to and use of the Website. For the purposes of these Terms, the Website shall be understood to mean: the external appearance of the screen interfaces, both static and dynamic, that is to say, the navigation tree; and all elements integrated into both the screen interfaces and the navigation tree (hereinafter, Content) and all those online services or resources that may be offered to Users (hereinafter, Services).<\/p>\n\n\n\n<p>ZE Passivhaus Services LTD reserves the right to modify, at any time and without prior notice, the layout and configuration of the Website and the Content and Services that may be included therein. The User acknowledges and accepts that ZE Passivhaus Services LTD may, at any time, suspend, deactivate and\/or cancel any of these elements that form part of the Website or access to them.<\/p>\n\n\n\n<p>Access to the Website by the User is unrestricted and, as a general rule, free of charge; the User is not required to pay any fee to use it, except for the cost of connecting via the telecommunications network provided by the internet service provider with whom the User has a contract.<\/p>\n\n\n\n<p>La utilizaci\u00f3n de los Contenidos no requiere previa suscripci\u00f3n o registro alguno.<\/p>\n\n\n\n<h3 class=\"wp-block-heading\">The User<\/h3>\n\n\n\n<p>Access to the Website by the User is unrestricted and, as a general rule, free of charge; the User is not required to pay any fee to use it, except for the cost of connecting via the telecommunications network provided by the internet service provider with whom the User has a contract.<\/p>\n\n\n\n<p>The ZE Passivhaus Services LTD website provides a wide range of information, services and data. Users are responsible for using the website correctly. This responsibility extends to:<\/p>\n\n\n\n<p>The use of the information, content and\/or services and data provided by ZE Passivhaus Services LTD must not contravene the provisions of these Terms and Conditions, the law, public morality or public order, nor must it in any way infringe the rights of third parties or interfere with the proper functioning of the Website.<\/p>\n\n\n\n<p>The accuracy and lawfulness of the information provided by the User in the forms issued by ZE Passivhaus Services LTD for access to certain Content or Services offered by the Website. In any event, the User shall immediately notify ZE Passivhaus Services LTD of any event that may lead to the misuse of the information recorded in such forms, such as, but not limited to, theft, loss, or unauthorised access to usernames and\/or passwords, so that immediate cancellation can be arranged.<\/p>\n\n\n\n<p>Mere access to this website does not imply the establishment of any commercial relationship between ZE Passivhaus Services LTD and the user.<\/p>\n\n\n\n<p>In full compliance with current legislation, this ZE Passivhaus Services LTD website is intended for all individuals, regardless of age, who may access and\/or browse the pages of the website.<\/p>\n\n\n\n<p>The Website is primarily intended for Users residing in Spain. ZE Passivhaus Services LTD does not guarantee that the Website complies with the laws of other countries, either in whole or in part. If the User resides or is domiciled elsewhere and decides to access and\/or browse the Website, they do so at their own risk; they must ensure that such access and browsing complies with the local legislation applicable to them, and ZE Passivhaus Services LTD accepts no liability whatsoever arising from such access.<\/p>\n\n\n\n<h2 class=\"wp-block-heading\">III. ACCESS TO AND NAVIGATION OF THE WEBSITE: DISCLAIMER OF WARRANTIES AND LIABILITY<\/h2>\n\n\n\n<p>ZE Passivhaus Services LTD does not guarantee the continuity, availability or usefulness of the Website, nor of the Content or Services. ZE Passivhaus Services LTD will do its utmost to ensure the proper functioning of the Website; however, it accepts no liability and makes no guarantee that access to this Website will be uninterrupted or error-free.<\/p>\n\n\n\n<p>Nor does it accept any liability or guarantee that the content or software accessible via this Website is free from error or will not cause damage to the User\u2019s computer system (software and hardware). Under no circumstances shall ZE Passivhaus Services LTD be liable for any loss, damage or harm of any kind arising from access to, browsing of or use of the Website, including, but not limited to, damage to computer systems or damage caused by the introduction of viruses.<\/p>\n\n\n\n<p>ZE Passivhaus Services LTD shall not be liable for any damage that may be caused to users as a result of the improper use of this website. In particular, it shall not be liable in any way for any outages, interruptions, failures or defects in telecommunications that may occur.<\/p>\n\n\n\n<h2 class=\"wp-block-heading\">IV. LINKING POLICY<\/h2>\n\n\n\n<p>Se informa que el Sitio Web de&nbsp;ZE Passivhaus Services LTD&nbsp;pone o puede poner a disposici\u00f3n de los Usuarios medios de enlace (como, entre otros, links, banners, botones), directorios y motores de b\u00fasqueda que permiten a los Usuarios acceder a sitios web pertenecientes y\/o gestionados por terceros.<\/p>\n\n\n\n<p>La instalaci\u00f3n de estos enlaces, directorios y motores de b\u00fasqueda en el Sitio Web tiene por objeto facilitar a los Usuarios la b\u00fasqueda de y acceso a la informaci\u00f3n disponible en Internet, sin que pueda considerarse una sugerencia, recomendaci\u00f3n o invitaci\u00f3n para la visita de los mismos.<\/p>\n\n\n\n<p>ZE Passivhaus Services LTD&nbsp;no ofrece ni comercializa por s\u00ed ni por medio de terceros los productos y\/o servicios disponibles en dichos sitios enlazados.<\/p>\n\n\n\n<p>Asimismo, tampoco garantizar\u00e1 la disponibilidad t\u00e9cnica, exactitud, veracidad, validez o legalidad de sitios ajenos a su propiedad a los que se pueda acceder por medio de los enlaces.<\/p>\n\n\n\n<p>ZE Passivhaus Services LTD&nbsp;en ning\u00fan caso revisar\u00e1 o controlar\u00e1 el contenido de otros sitios web, as\u00ed como tampoco aprueba, examina ni hace propios los productos y servicios, contenidos, archivos y cualquier otro material existente en los referidos sitios enlazados.<\/p>\n\n\n\n<p>ZE Passivhaus Services LTD&nbsp;no asume ninguna responsabilidad por los da\u00f1os y perjuicios que pudieran producirse por el acceso, uso, calidad o licitud de los contenidos, comunicaciones, opiniones, productos y servicios de los sitios web no gestionados por&nbsp;ZE Passivhaus Services LTD&nbsp;y que sean enlazados en este Sitio Web.<\/p>\n\n\n\n<p>El Usuario o tercero que realice un hiperv\u00ednculo desde una p\u00e1gina web de otro, distinto, sitio web al Sitio Web de&nbsp;ZE Passivhaus Services LTD&nbsp;deber\u00e1 saber que:<\/p>\n\n\n\n<p>No se permite la reproducci\u00f3n \u2014total o parcialmente\u2014 de ninguno de los Contenidos y\/o Servicios del Sitio Web sin autorizaci\u00f3n expresa de&nbsp;ZE Passivhaus Services LTD.<\/p>\n\n\n\n<p>No se permite tampoco ninguna manifestaci\u00f3n falsa, inexacta o incorrecta sobre el Sitio Web de&nbsp;ZE Passivhaus Services LTD, ni sobre los Contenidos y\/o Servicios del mismo.<\/p>\n\n\n\n<p>A excepci\u00f3n del hiperv\u00ednculo, el sitio web en el que se establezca dicho hiperenlace no contendr\u00e1 ning\u00fan elemento, de este Sitio Web, protegido como propiedad intelectual por el ordenamiento jur\u00eddico espa\u00f1ol, salvo autorizaci\u00f3n expresa de&nbsp;ZE Passivhaus Services LTD.<\/p>\n\n\n\n<p>El establecimiento del hiperv\u00ednculo no implicar\u00e1 la existencia de relaciones entre&nbsp;ZE Passivhaus Services LTD&nbsp;y el titular del sitio web desde el cual se realice, ni el conocimiento y aceptaci\u00f3n de&nbsp;ZE Passivhaus Services LTD&nbsp;de los contenidos, servicios y\/o actividades ofrecidas en dicho sitio web, y viceversa.<\/p>\n\n\n\n<h2 class=\"wp-block-heading\">V. PROPIEDAD INTELECTUAL E INDUSTRIAL<\/h2>\n\n\n\n<p>ZE Passivhaus Services LTD&nbsp;por s\u00ed o como parte cesionaria, es titular de todos los derechos de propiedad intelectual e industrial del Sitio Web, as\u00ed como de los elementos contenidos en el mismo (a t\u00edtulo enunciativo y no exhaustivo, im\u00e1genes, sonido, audio, v\u00eddeo, software o textos, marcas o logotipos, combinaciones de colores, estructura y dise\u00f1o, selecci\u00f3n de materiales usados, programas de ordenador necesarios para su funcionamiento, acceso y uso, etc.). Ser\u00e1n, por consiguiente, obras protegidas como propiedad intelectual por el ordenamiento jur\u00eddico espa\u00f1ol, si\u00e9ndoles aplicables tanto la normativa espa\u00f1ola y comunitaria en este campo, como los tratados internacionales relativos a la materia y suscritos por Espa\u00f1a.<\/p>\n\n\n\n<p>Todos los derechos reservados. En virtud de lo dispuesto en la Ley de Propiedad Intelectual, quedan expresamente prohibidas la reproducci\u00f3n, la distribuci\u00f3n y la comunicaci\u00f3n p\u00fablica, incluida su modalidad de puesta a disposici\u00f3n, de la totalidad o parte de los contenidos de esta p\u00e1gina web, con fines comerciales, en cualquier soporte y por cualquier medio t\u00e9cnico, sin la autorizaci\u00f3n de&nbsp;ZE Passivhaus Services LTD.<\/p>\n\n\n\n<p>El Usuario se compromete a respetar los derechos de propiedad intelectual e industrial de&nbsp;ZE Passivhaus Services LTD. Podr\u00e1 visualizar los elementos del Sitio Web o incluso imprimirlos, copiarlos y almacenarlos en el disco duro de su ordenador o en cualquier otro soporte f\u00edsico siempre y cuando sea, exclusivamente, para su uso personal. El Usuario, sin embargo, no podr\u00e1 suprimir, alterar, o manipular cualquier dispositivo de protecci\u00f3n o sistema de seguridad que estuviera instalado en el Sitio Web.<\/p>\n\n\n\n<p>En caso de que el Usuario o tercero considere que cualquiera de los Contenidos del Sitio Web suponga una violaci\u00f3n de los derechos de protecci\u00f3n de la propiedad intelectual, deber\u00e1 comunicarlo inmediatamente a&nbsp;ZE Passivhaus Services LTD&nbsp;a trav\u00e9s de los datos de contacto del apartado de INFORMACI\u00d3N GENERAL de este Aviso Legal y Condiciones Generales de Uso.<\/p>\n\n\n\n<h2 class=\"wp-block-heading\">VI. ACCIONES LEGALES, LEGISLACI\u00d3N APLICABLE Y JURISDICCI\u00d3N<\/h2>\n\n\n\n<p>ZE Passivhaus Services LTD&nbsp;se reserva la facultad de presentar las acciones civiles o penales que considere necesarias por la utilizaci\u00f3n indebida del Sitio Web y Contenidos, o por el incumplimiento de las presentes Condiciones.<\/p>\n\n\n\n<p>La relaci\u00f3n entre el Usuario y&nbsp;ZE Passivhaus Services LTD&nbsp;se regir\u00e1 por la normativa vigente y de aplicaci\u00f3n en el territorio espa\u00f1ol. De surgir cualquier controversia en relaci\u00f3n con la interpretaci\u00f3n y\/o a la aplicaci\u00f3n de estas Condiciones las partes someter\u00e1n sus conflictos a la jurisdicci\u00f3n ordinaria someti\u00e9ndose a los jueces y tribunales que correspondan conforme a derecho.<\/p>","protected":false},"excerpt":{"rendered":"<p>I. INFORMACI\u00d3N GENERAL En cumplimiento con el deber de informaci\u00f3n dispuesto en la Ley 34\/2002 de Servicios de la Sociedad de la Informaci\u00f3n y el Comercio Electr\u00f3nico (LSSI-CE) de 11 de julio, se facilitan a continuaci\u00f3n los siguientes datos de informaci\u00f3n general de este sitio web: La titularidad de este sitio web,&nbsp;, (en adelante, Sitio [&hellip;]<\/p>\n","protected":false},"author":1,"featured_media":0,"parent":0,"menu_order":0,"comment_status":"closed","ping_status":"closed","template":"","meta":{"_acf_changed":false,"footnotes":""},"class_list":["post-107","page","type-page","status-publish","hentry"],"acf":[],"_links":{"self":[{"href":"https:\/\/zepassiv.com\/en\/wp-json\/wp\/v2\/pages\/107","targetHints":{"allow":["GET"]}}],"collection":[{"href":"https:\/\/zepassiv.com\/en\/wp-json\/wp\/v2\/pages"}],"about":[{"href":"https:\/\/zepassiv.com\/en\/wp-json\/wp\/v2\/types\/page"}],"author":[{"embeddable":true,"href":"https:\/\/zepassiv.com\/en\/wp-json\/wp\/v2\/users\/1"}],"replies":[{"embeddable":true,"href":"https:\/\/zepassiv.com\/en\/wp-json\/wp\/v2\/comments?post=107"}],"version-history":[{"count":3,"href":"https:\/\/zepassiv.com\/en\/wp-json\/wp\/v2\/pages\/107\/revisions"}],"predecessor-version":[{"id":166,"href":"https:\/\/zepassiv.com\/en\/wp-json\/wp\/v2\/pages\/107\/revisions\/166"}],"wp:attachment":[{"href":"https:\/\/zepassiv.com\/en\/wp-json\/wp\/v2\/media?parent=107"}],"curies":[{"name":"wp","href":"https:\/\/api.w.org\/{rel}","templated":true}]}}